{"id":6,"date":"2022-04-14T10:08:48","date_gmt":"2022-04-14T08:08:48","guid":{"rendered":"https:\/\/fredozupi.net\/?page_id=6"},"modified":"2022-11-26T09:00:41","modified_gmt":"2022-11-26T08:00:41","slug":"home","status":"publish","type":"page","link":"https:\/\/fredozupi.net\/","title":{"rendered":""},"content":{"rendered":"\n<div class=\"wp-block-columns is-layout-flex wp-container-core-columns-is-layout-28f84493 wp-block-columns-is-layout-flex\">\n<div class=\"wp-block-column is-layout-flow wp-block-column-is-layout-flow\">\n<p><em><mark style=\"background-color:#eadfdf\" class=\"has-inline-color\">(English)<\/mark><\/em> Welcome on this website dedicated to my cinematic musical compositions.<\/p>\n\n\n\n<p>Shaping musical atmospheres, creating multi-instrumental pieces to match with the books I love, that&#8217;s the pleasure I want to share here.<\/p>\n\n\n\n<p>I hope those tracks will inspire you and enhance your imagination, whether you&#8217;ve read those books or not. <\/p>\n\n\n\n<figure class=\"wp-block-image size-full is-resized\"><a href=\"https:\/\/www.facebook.com\/FredoZupiComposer\" target=\"_blank\" rel=\"noopener\"><img loading=\"lazy\" decoding=\"async\" src=\"https:\/\/fredozupi.net\/wp-content\/uploads\/2022\/05\/facebook-icon-preview-200x200-1.png\" alt=\"\" class=\"wp-image-43\" width=\"48\" height=\"48\" srcset=\"https:\/\/fredozupi.net\/wp-content\/uploads\/2022\/05\/facebook-icon-preview-200x200-1.png 200w, https:\/\/fredozupi.net\/wp-content\/uploads\/2022\/05\/facebook-icon-preview-200x200-1-150x150.png 150w\" sizes=\"auto, (max-width: 48px) 100vw, 48px\" \/><\/a><\/figure>\n<\/div>\n\n\n\n<div class=\"wp-block-column is-layout-flow wp-block-column-is-layout-flow\">\n<p><em><mark style=\"background-color:#e0dff3\" class=\"has-inline-color\">(Fran\u00e7ais)<\/mark><\/em> Bienvenue sur ce site d\u00e9di\u00e9 \u00e0 mes cr\u00e9ations musicales cin\u00e9matiques.<\/p>\n\n\n\n<p>Cr\u00e9er des atmosph\u00e8res, des ambiances musicales, habiller de sons des passages de livres qui me font vibrer, voil\u00e0 le plaisir que je souhaite partager.<\/p>\n\n\n\n<p>J&#8217;esp\u00e8re que cela ajoutera une profondeur sonore \u00e0 votre imaginaire, que vous ayez lu ces livres ou non. Que cela vous donnera peut-\u00eatre l&#8217;envie de les lire.<\/p>\n\n\n\n<figure class=\"wp-block-image size-full is-resized\"><a href=\"https:\/\/www.facebook.com\/FredoZupiComposer\" target=\"_blank\" rel=\"noopener\"><img loading=\"lazy\" decoding=\"async\" src=\"https:\/\/fredozupi.net\/wp-content\/uploads\/2022\/05\/facebook-icon-preview-200x200-1.png\" alt=\"\" class=\"wp-image-43\" width=\"48\" height=\"48\" srcset=\"https:\/\/fredozupi.net\/wp-content\/uploads\/2022\/05\/facebook-icon-preview-200x200-1.png 200w, https:\/\/fredozupi.net\/wp-content\/uploads\/2022\/05\/facebook-icon-preview-200x200-1-150x150.png 150w\" sizes=\"auto, (max-width: 48px) 100vw, 48px\" \/><\/a><\/figure>\n<\/div>\n<\/div>\n\n\n\n<hr class=\"wp-block-separator has-alpha-channel-opacity\"\/>\n\n\n\n<h2 class=\"wp-block-heading\">The Bridgertons &#8211; Spitfire Contest<\/h2>\n\n\n\n<figure class=\"wp-block-embed is-type-video is-provider-youtube wp-block-embed-youtube wp-embed-aspect-16-9 wp-has-aspect-ratio\"><div class=\"wp-block-embed__wrapper\">\n<iframe loading=\"lazy\" title=\"The Bridgertons - Spitfire Audio Contest 2022 by Fredo Zupi.\" width=\"500\" height=\"281\" src=\"https:\/\/www.youtube.com\/embed\/rN8YrztajXw?feature=oembed\" frameborder=\"0\" allow=\"accelerometer; autoplay; clipboard-write; encrypted-media; gyroscope; picture-in-picture; web-share\" referrerpolicy=\"strict-origin-when-cross-origin\" allowfullscreen><\/iframe>\n<\/div><\/figure>\n\n\n\n<hr class=\"wp-block-separator has-css-opacity\"\/>\n\n\n\n<h2 class=\"wp-block-heading\">Chroniques des H\u00e9mispheres &#8211; Le bal des poussi\u00e8res<\/h2>\n\n\n\n<figure class=\"wp-block-embed is-type-video is-provider-youtube wp-block-embed-youtube wp-embed-aspect-16-9 wp-has-aspect-ratio\"><div class=\"wp-block-embed__wrapper\">\n<iframe loading=\"lazy\" title=\"Chroniques des h\u00e9misph\u00e8res - le bal des poussi\u00e8res\" width=\"500\" height=\"281\" src=\"https:\/\/www.youtube.com\/embed\/tv3ttBnp_s0?feature=oembed\" frameborder=\"0\" allow=\"accelerometer; autoplay; clipboard-write; encrypted-media; gyroscope; picture-in-picture; web-share\" referrerpolicy=\"strict-origin-when-cross-origin\" allowfullscreen><\/iframe>\n<\/div><\/figure>\n\n\n\n<hr class=\"wp-block-separator has-css-opacity\"\/>\n\n\n\n<p><\/p>\n\n\n\n<h2 class=\"wp-block-heading\">The Mirror Visitor &#8211; La Passe-Miroir <\/h2>\n\n\n\n<figure class=\"wp-block-embed is-type-video is-provider-youtube wp-block-embed-youtube wp-embed-aspect-16-9 wp-has-aspect-ratio\"><div class=\"wp-block-embed__wrapper\">\n<iframe loading=\"lazy\" title=\"The Mirror Visitor - La Passe-Miroir - Oph\u00e9lie&#039;s Journey  (fan art music)\" width=\"500\" height=\"281\" src=\"https:\/\/www.youtube.com\/embed\/wHbks0hmOLc?feature=oembed\" frameborder=\"0\" allow=\"accelerometer; autoplay; clipboard-write; encrypted-media; gyroscope; picture-in-picture; web-share\" referrerpolicy=\"strict-origin-when-cross-origin\" allowfullscreen><\/iframe>\n<\/div><\/figure>\n\n\n\n<figure class=\"wp-block-embed is-type-video is-provider-youtube wp-block-embed-youtube wp-embed-aspect-16-9 wp-has-aspect-ratio\"><div class=\"wp-block-embed__wrapper\">\n<iframe loading=\"lazy\" title=\"The Mirror Visitor - La Passe-Miroir - The Ambassador  (fan art music)\" width=\"500\" height=\"281\" src=\"https:\/\/www.youtube.com\/embed\/z9gZVDfNbLE?feature=oembed\" frameborder=\"0\" allow=\"accelerometer; autoplay; clipboard-write; encrypted-media; gyroscope; picture-in-picture; web-share\" referrerpolicy=\"strict-origin-when-cross-origin\" allowfullscreen><\/iframe>\n<\/div><\/figure>\n\n\n\n<figure class=\"wp-block-embed is-type-video is-provider-youtube wp-block-embed-youtube wp-embed-aspect-16-9 wp-has-aspect-ratio\"><div class=\"wp-block-embed__wrapper\">\n<iframe loading=\"lazy\" title=\"The Mirror Visitor - La Passe-Miroir - Babel  (fan art music)\" width=\"500\" height=\"281\" src=\"https:\/\/www.youtube.com\/embed\/5fsZJ4c9e98?feature=oembed\" frameborder=\"0\" allow=\"accelerometer; autoplay; clipboard-write; encrypted-media; gyroscope; picture-in-picture; web-share\" referrerpolicy=\"strict-origin-when-cross-origin\" allowfullscreen><\/iframe>\n<\/div><\/figure>\n\n\n\n<figure class=\"wp-block-embed is-type-video is-provider-youtube wp-block-embed-youtube wp-embed-aspect-16-9 wp-has-aspect-ratio\"><div class=\"wp-block-embed__wrapper\">\n<iframe loading=\"lazy\" title=\"The Mirror Visitor - La Passe-Miroir - The Observatory  (fan art music)\" width=\"500\" height=\"281\" src=\"https:\/\/www.youtube.com\/embed\/edm2IDxrZSM?feature=oembed\" frameborder=\"0\" allow=\"accelerometer; autoplay; clipboard-write; encrypted-media; gyroscope; picture-in-picture; web-share\" referrerpolicy=\"strict-origin-when-cross-origin\" allowfullscreen><\/iframe>\n<\/div><\/figure>\n\n\n\n<figure class=\"wp-block-embed is-type-video is-provider-youtube wp-block-embed-youtube wp-embed-aspect-16-9 wp-has-aspect-ratio\"><div class=\"wp-block-embed__wrapper\">\n<iframe loading=\"lazy\" title=\"The Mirror Visitor - La Passe-Miroir - Thorn and Ophelie (fan art music)\" width=\"500\" height=\"281\" src=\"https:\/\/www.youtube.com\/embed\/Cv_Ax12teOs?feature=oembed\" frameborder=\"0\" allow=\"accelerometer; autoplay; clipboard-write; encrypted-media; gyroscope; picture-in-picture; web-share\" referrerpolicy=\"strict-origin-when-cross-origin\" allowfullscreen><\/iframe>\n<\/div><\/figure>\n\n\n\n<figure class=\"wp-block-embed is-type-video is-provider-youtube wp-block-embed-youtube wp-embed-aspect-16-9 wp-has-aspect-ratio\"><div class=\"wp-block-embed__wrapper\">\n<iframe loading=\"lazy\" title=\"The Mirror Visitor - La Passe-Miroir - Final Act  (fan art music)\" width=\"500\" height=\"281\" src=\"https:\/\/www.youtube.com\/embed\/RFDRZc8UfQE?feature=oembed\" frameborder=\"0\" allow=\"accelerometer; autoplay; clipboard-write; encrypted-media; gyroscope; picture-in-picture; web-share\" referrerpolicy=\"strict-origin-when-cross-origin\" allowfullscreen><\/iframe>\n<\/div><\/figure>\n\n\n\n<p><\/p>\n\n\n\n<p><\/p>\n\n\n\n<p class=\"has-text-align-center\"><\/p>\n\n\n\n<hr class=\"wp-block-separator has-css-opacity\"\/>\n\n\n\n<h2 class=\"wp-block-heading\">The Mirror Visitor &#8211; La Passe-Miroir (Christelle Dabos)<\/h2>\n\n\n\n<figure class=\"wp-block-image aligncenter size-full is-resized\"><img loading=\"lazy\" decoding=\"async\" src=\"https:\/\/fredozupi.net\/wp-content\/uploads\/2022\/04\/passe-miroir.jpg\" alt=\"The books quartet\" class=\"wp-image-15\" width=\"244\" height=\"264\" srcset=\"https:\/\/fredozupi.net\/wp-content\/uploads\/2022\/04\/passe-miroir.jpg 440w, https:\/\/fredozupi.net\/wp-content\/uploads\/2022\/04\/passe-miroir-277x300.jpg 277w\" sizes=\"auto, (max-width: 244px) 100vw, 244px\" \/><figcaption class=\"wp-element-caption\">The books Quartet<\/figcaption><\/figure>\n\n\n\n<div class=\"wp-block-columns is-layout-flex wp-container-core-columns-is-layout-28f84493 wp-block-columns-is-layout-flex\">\n<div class=\"wp-block-column is-layout-flow wp-block-column-is-layout-flow\">\n<p><em>Long ago, following a cataclysm called the Rupture, the world was shattered into many floating celestial islands, now known as arks.<\/em> <\/p>\n\n\n\n<p><em>Over each, the spirit of an omnipotent and immortal ancestor abides. The inhabitants of these arks each possess a unique power. <\/em><\/p>\n\n\n\n<p><em>Ophelia, with her ability to read the pasts of objects, must navigate this fantastic, disjointed, perilous world using her trademark tenacity and quiet strength.<\/em><\/p>\n\n\n\n<p><\/p>\n\n\n\n<div class=\"wp-block-buttons is-layout-flex wp-block-buttons-is-layout-flex\">\n<div class=\"wp-block-button\"><a class=\"wp-block-button__link wp-element-button\" href=\"http:\/\/christelledabos.com\/\" target=\"_blank\" rel=\"noreferrer noopener\">Visit the Author website<\/a><\/div>\n<\/div>\n<\/div>\n\n\n\n<div class=\"wp-block-column is-layout-flow wp-block-column-is-layout-flow\">\n<p><em>Sous son \u00e9charpe \u00e9lim\u00e9e et ses lunettes de myope, Oph\u00e9lie cache des dons singuliers : elle peut lire le pass\u00e9 des objets et traverser les miroirs.<\/em><\/p>\n\n\n\n<p><em>Elle vit paisiblement sur l&#8217;arche d&#8217;Anima quand on la fiance \u00e0 Thorn, du puissant clan des Dragons.<br>La jeune fille doit quitter sa famille et le suivre \u00e0 la Citacielle, capitale flottante du P\u00f4le.<\/em><\/p>\n\n\n\n<p><em>\u00c0 quelle fin a-t-elle \u00e9t\u00e9 choisie ?<br>Pourquoi doit-elle dissimuler sa v\u00e9ritable identit\u00e9 ? Sans le savoir, Oph\u00e9lie devient le jouet d&#8217;un complot mortel.<\/em><\/p>\n\n\n\n<p><\/p>\n\n\n\n<div class=\"wp-block-buttons is-layout-flex wp-block-buttons-is-layout-flex\">\n<div class=\"wp-block-button\"><a class=\"wp-block-button__link wp-element-button\" href=\"http:\/\/christelledabos.com\/\" target=\"_blank\" rel=\"noreferrer noopener\">Visitez le site de l&#8217;\u00e9crivain<\/a><\/div>\n<\/div>\n<\/div>\n<\/div>\n\n\n\n<p><\/p>\n","protected":false},"excerpt":{"rendered":"<p>(English) Welcome on this website dedicated to my cinematic musical compositions. Shaping musical atmospheres, creating multi-instrumental pieces to match with the books I love, that&#8217;s the pleasure I want to share here. I hope those tracks will inspire you and enhance your imagination, whether you&#8217;ve read those books or not. (Fran\u00e7ais) Bienvenue sur ce site [&hellip;]<\/p>\n","protected":false},"author":1,"featured_media":0,"parent":0,"menu_order":0,"comment_status":"closed","ping_status":"closed","template":"","meta":{"footnotes":""},"class_list":["post-6","page","type-page","status-publish","hentry"],"_links":{"self":[{"href":"https:\/\/fredozupi.net\/index.php\/wp-json\/wp\/v2\/pages\/6","targetHints":{"allow":["GET"]}}],"collection":[{"href":"https:\/\/fredozupi.net\/index.php\/wp-json\/wp\/v2\/pages"}],"about":[{"href":"https:\/\/fredozupi.net\/index.php\/wp-json\/wp\/v2\/types\/page"}],"author":[{"embeddable":true,"href":"https:\/\/fredozupi.net\/index.php\/wp-json\/wp\/v2\/users\/1"}],"replies":[{"embeddable":true,"href":"https:\/\/fredozupi.net\/index.php\/wp-json\/wp\/v2\/comments?post=6"}],"version-history":[{"count":25,"href":"https:\/\/fredozupi.net\/index.php\/wp-json\/wp\/v2\/pages\/6\/revisions"}],"predecessor-version":[{"id":50,"href":"https:\/\/fredozupi.net\/index.php\/wp-json\/wp\/v2\/pages\/6\/revisions\/50"}],"wp:attachment":[{"href":"https:\/\/fredozupi.net\/index.php\/wp-json\/wp\/v2\/media?parent=6"}],"curies":[{"name":"wp","href":"https:\/\/api.w.org\/{rel}","templated":true}]}}